{"id":41,"date":"2016-02-28T22:44:17","date_gmt":"2016-02-28T22:44:17","guid":{"rendered":"http:\/\/www.encore-en-corps.ch\/?page_id=41"},"modified":"2025-01-07T00:29:54","modified_gmt":"2025-01-06T22:29:54","slug":"accueil","status":"publish","type":"page","link":"https:\/\/www.encore-en-corps.ch\/","title":{"rendered":"Accueil"},"content":{"rendered":"<p><span style=\"color: #000000;\">Bonjour et bienvenue !<\/span><\/p>\n<p align=\"JUSTIFY\"><span style=\"color: #000000;\">L\u2019Association Encore en Corps a repris les locaux de l\u2019ESOPE au printemps 1999, ainsi que certaines de ses activit\u00e9s. Nous esp\u00e9rons pouvoir conserver l\u2019ouverture d\u2019esprit, l\u2019accueil chaleureux et cette ambiance souriante o\u00f9 tous et toutes se sentent les bienvenus, qui ont toujours marqu\u00e9 les activit\u00e9s de l\u2019ESOPE.<\/span><br \/>\n<span style=\"color: #000000;\"> L\u2019Association Encore en Corps est ouverte \u00e0 chacun; les participants aux cours en deviennent automatiquement membres lorsqu\u2019ils versent leur cotisation annuelle au moment de leur inscription.<\/span><\/p>\n<p align=\"JUSTIFY\"><span style=\"color: #000000;\">Encore En Corps s\u2019efforce d&rsquo;accueillir des organisateurs avec des enseignements de haut niveau dispens\u00e9s par des professionnels de la sc\u00e8ne.<\/span><\/p>\n<p align=\"JUSTIFY\"><span style=\"color: #000000;\">Les cours ne sont pas fond\u00e9s sur un syst\u00e8me scolaire de notes et de grades, mais mettent en valeur une relation humaine qui prend en consid\u00e9ration chaque \u00e9l\u00e8ve en tant que personne ind\u00e9pendante, avec son rythme et ses capacit\u00e9s propres.<\/span><\/p>\n<p align=\"JUSTIFY\"><span style=\"color: #000000;\">Outre la pr\u00e9paration de notre propre spectacle au printemps de chaque ann\u00e9e, les \u00e9l\u00e8ves d\u2019Encore en Corps participent \u00e0 de nombreux autres spectacles. Nous avons collabor\u00e9 avec une \u00e9quipe de musiciens sp\u00e9cialis\u00e9s dans la musique celte :\u00a0<a style=\"color: #000000;\" href=\"http:\/\/www.celtofools.ch\/\" target=\"_blank\" rel=\"noopener\">Celtofools<\/a>, et en 2006 avec un orchestre Lausannois (L\u2019Harmonie Lausannoise). Avec eux, nous avons dans\u00e9 lors de nombreuses manifestations \u00e0 Gen\u00e8ve, \u00e0 Lausanne et ailleurs en Suisse et \u00e0 Thonon, \u00e0 Annecy et ailleurs en France. Travailler avec des musiciens \u00ab\u00a0live\u00a0\u00bb est un r\u00e9el plaisir et nous esp\u00e9rons pouvoir renouveler l\u2019exp\u00e9rience.<\/span><\/p>\n<p align=\"JUSTIFY\"><span style=\"color: #000000;\">Nous avons particip\u00e9 avec notre ancien professeur de claquettes, Peter Daniel, aux Championnats Suisses de claquettes avec des solistes, des duos et une \u00e9quipe \u00e9lite. A plusieurs reprises, ses danseurs ont \u00e9t\u00e9 s\u00e9lectionn\u00e9s pour repr\u00e9senter la Suisse aux Championnats du Monde de Claquettes, o\u00f9 ils ont remport\u00e9 des premiers prix.<\/span><\/p>\n","protected":false},"excerpt":{"rendered":"<p class=\"post-excerpt\">Bonjour et bienvenue ! L\u2019Association Encore en Corps a repris les locaux de l\u2019ESOPE au printemps 1999, ainsi que certaines&hellip;<\/p>\n<div class=\"link-more\"><a href=\"https:\/\/www.encore-en-corps.ch\/\">Continue reading<span class=\"screen-reader-text\"> \"Accueil\"<\/span>&hellip;<\/a><\/div>","protected":false},"author":2,"featured_media":0,"parent":0,"menu_order":0,"comment_status":"closed","ping_status":"closed","template":"","meta":{"jetpack_post_was_ever_published":false,"footnotes":""},"class_list":["post-41","page","type-page","status-publish","hentry"],"jetpack_sharing_enabled":true,"jetpack_shortlink":"https:\/\/wp.me\/P7hS9n-F","jetpack-related-posts":[],"_links":{"self":[{"href":"https:\/\/www.encore-en-corps.ch\/index.php\/wp-json\/wp\/v2\/pages\/41","targetHints":{"allow":["GET"]}}],"collection":[{"href":"https:\/\/www.encore-en-corps.ch\/index.php\/wp-json\/wp\/v2\/pages"}],"about":[{"href":"https:\/\/www.encore-en-corps.ch\/index.php\/wp-json\/wp\/v2\/types\/page"}],"author":[{"embeddable":true,"href":"https:\/\/www.encore-en-corps.ch\/index.php\/wp-json\/wp\/v2\/users\/2"}],"replies":[{"embeddable":true,"href":"https:\/\/www.encore-en-corps.ch\/index.php\/wp-json\/wp\/v2\/comments?post=41"}],"version-history":[{"count":8,"href":"https:\/\/www.encore-en-corps.ch\/index.php\/wp-json\/wp\/v2\/pages\/41\/revisions"}],"predecessor-version":[{"id":7000,"href":"https:\/\/www.encore-en-corps.ch\/index.php\/wp-json\/wp\/v2\/pages\/41\/revisions\/7000"}],"wp:attachment":[{"href":"https:\/\/www.encore-en-corps.ch\/index.php\/wp-json\/wp\/v2\/media?parent=41"}],"curies":[{"name":"wp","href":"https:\/\/api.w.org\/{rel}","templated":true}]}}